{"id":683,"date":"2018-06-22T22:41:50","date_gmt":"2018-06-22T20:41:50","guid":{"rendered":"http:\/\/largerboissy.fr\/?page_id=683"},"modified":"2023-10-21T17:00:05","modified_gmt":"2023-10-21T15:00:05","slug":"mentions-obligatoires","status":"publish","type":"page","link":"https:\/\/largerboissy.fr\/?page_id=683","title":{"rendered":"Mentions obligatoires"},"content":{"rendered":"<p><strong>Qui suis-je, h\u00e9bergement<\/strong><\/p>\n<p>Ce site est mon blog personnel. Je m&rsquo;appelle Christian Larger et j&rsquo;habite \u00e0 Boissy-Saint-L\u00e9ger. Mon adresse compl\u00e8te et mon num\u00e9ro de t\u00e9l\u00e9phone\u00a0 sont disponibles sur demande des autorit\u00e9s comp\u00e9tentes aupr\u00e8s de mon h\u00e9bergeur, <a href=\"https:\/\/www.ovh.com\/fr\/\" target=\"_blank\" rel=\"noopener\">OVH<\/a>.<\/p>\n<p>OVH\u00a0: 2 rue Kellermann \u2013 59100 Roubaix \u2013 France, t\u00e9l. 1007.<\/p>\n<p><strong>R\u00e9alisation du site<\/strong><\/p>\n<p>Ce site est r\u00e9alis\u00e9 gr\u00e2ce au \u00ab\u00a0syst\u00e8me de gestion de contenu\u00a0\u00bb (CMS en anglais) <a href=\"https:\/\/fr.wordpress.org\/\" target=\"_blank\" rel=\"noopener\">WordPress<\/a>.<\/p>\n<p><strong>Cookies, protection des donn\u00e9es personnelles<br \/>\n<\/strong><\/p>\n<p>Les visiteurs de ce site ne peuvent pas s\u2019y inscrire, que ce soit pour publier des commentaires ou pour toute autre raison. Aucun cookie traceur n\u2019est d\u00e9pos\u00e9 sur les ordinateurs, tablettes ou smartphones qui acc\u00e8dent \u00e0 ce site. Seuls quelques cookies techniques de redirection sont utilis\u00e9s par OVH. Aucune donn\u00e9e personnelle n\u2019est donc collect\u00e9e et je n\u2019ai pas besoin de demander \u00e0 mes visiteurs d\u2019accepter des cookies.<\/p>\n","protected":false},"excerpt":{"rendered":"<p>Qui suis-je, h\u00e9bergement Ce site est mon blog personnel. Je m&rsquo;appelle Christian Larger et j&rsquo;habite \u00e0 Boissy-Saint-L\u00e9ger. Mon adresse compl\u00e8te et mon num\u00e9ro de t\u00e9l\u00e9phone\u00a0 sont disponibles sur demande des autorit\u00e9s comp\u00e9tentes aupr\u00e8s de mon h\u00e9bergeur, OVH. OVH\u00a0: 2 rue Kellermann \u2013 59100 Roubaix \u2013 France, t\u00e9l. 1007. R\u00e9alisation du site Ce site est r\u00e9alis\u00e9 [&hellip;]<\/p>\n","protected":false},"author":1,"featured_media":0,"parent":0,"menu_order":0,"comment_status":"closed","ping_status":"closed","template":"","meta":{"footnotes":""},"class_list":["post-683","page","type-page","status-publish","hentry"],"_links":{"self":[{"href":"https:\/\/largerboissy.fr\/index.php?rest_route=\/wp\/v2\/pages\/683","targetHints":{"allow":["GET"]}}],"collection":[{"href":"https:\/\/largerboissy.fr\/index.php?rest_route=\/wp\/v2\/pages"}],"about":[{"href":"https:\/\/largerboissy.fr\/index.php?rest_route=\/wp\/v2\/types\/page"}],"author":[{"embeddable":true,"href":"https:\/\/largerboissy.fr\/index.php?rest_route=\/wp\/v2\/users\/1"}],"replies":[{"embeddable":true,"href":"https:\/\/largerboissy.fr\/index.php?rest_route=%2Fwp%2Fv2%2Fcomments&post=683"}],"version-history":[{"count":4,"href":"https:\/\/largerboissy.fr\/index.php?rest_route=\/wp\/v2\/pages\/683\/revisions"}],"predecessor-version":[{"id":1351,"href":"https:\/\/largerboissy.fr\/index.php?rest_route=\/wp\/v2\/pages\/683\/revisions\/1351"}],"wp:attachment":[{"href":"https:\/\/largerboissy.fr\/index.php?rest_route=%2Fwp%2Fv2%2Fmedia&parent=683"}],"curies":[{"name":"wp","href":"https:\/\/api.w.org\/{rel}","templated":true}]}}